{"id":31,"date":"2024-03-19T08:26:14","date_gmt":"2024-03-19T08:26:14","guid":{"rendered":"https:\/\/labs.100x100.net\/projects\/creahogar\/politica-de-cookies\/"},"modified":"2024-04-10T16:10:12","modified_gmt":"2024-04-10T16:10:12","slug":"politica-de-cookies","status":"publish","type":"page","link":"https:\/\/www.creahogarbcn.com\/ca\/politica-de-cookies\/","title":{"rendered":"Pol\u00edtica de cookies"},"content":{"rendered":"<div id=\"cookiefirst-policy-page\"><\/div>\n<h3>Qu\u00e8 s\u00f3n les cookies?<\/h3>\n<p>Les galetes i les tecnologies similars s\u00f3n documents de text molt petits o fragments de codi que sovint contenen un codi d&#8217;identificaci\u00f3 \u00fanic. Quan visiteu un lloc web o utilitzeu una aplicaci\u00f3 m\u00f2bil, un ordinador demana perm\u00eds al vostre ordinador o dispositiu m\u00f2bil per desar aquest fitxer al vostre ordinador o dispositiu m\u00f2bil i accedir a la informaci\u00f3. La informaci\u00f3 recopilada a trav\u00e9s de cookies i tecnologies similars pot incloure la data i hora de la visita i la manera com utilitzes un lloc web o una aplicaci\u00f3 m\u00f2bil en particular.<\/p>\n<h3>Per qu\u00e8 utilitzem cookies?<\/h3>\n<p>Les cookies asseguren que durant la teva visita a la nostra botiga en l\u00ednia romanguis connectat, que tots els articles romanguin emmagatzemats a la cistella de la compra, que puguis comprar de forma segura i que el lloc web segueixi funcionant sense problemes. Les galetes tamb\u00e9 asseguren que puguem veure com s&#8217;utilitza el nostre lloc web i com podem millorar-lo. A m\u00e9s, depenent de les teves prefer\u00e8ncies, les nostres pr\u00f2pies galetes poden ser utilitzades per presentar-te anuncis espec\u00edfics que coincideixin amb els teus interessos personals.<\/p>\n<h3>Quin tipus de cookies utilitzem?<\/h3>\n<h4>Cookies necess\u00e0ries<\/h4>\n<p>Aquestes galetes s\u00f3n necess\u00e0ries perqu\u00e8 el lloc web funcioni correctament. Algunes de les accions seg\u00fcents es poden fer utilitzant aquestes cookies: &#8211; Emmagatzemar articles en un carret de compres per a compres en l\u00ednia &#8211; Desar les teves prefer\u00e8ncies de cookies per a aquest lloc web &#8211; Desar prefer\u00e8ncies d&#8217;idioma &#8211; Iniciar sessi\u00f3 al nostre portal. Hem de comprovar si heu iniciat sessi\u00f3.<\/p>\n<h4>Cookies de rendiment<\/h4>\n<p>Aquestes galetes s&#8217;utilitzen per recopilar informaci\u00f3 estad\u00edstica sobre l&#8217;\u00fas del nostre lloc web, tamb\u00e9 anomenades galetes anal\u00edtiques. Utilitzem aquestes dades per al rendiment i optimitzaci\u00f3 del lloc web.<\/p>\n<h4>Cookies funcionals<\/h4>\n<p>Aquestes galetes permeten una major funcionalitat per als visitants del nostre lloc web. Aquestes galetes poden ser establertes pels nostres prove\u00efdors de serveis externs o pel nostre propi lloc web. Les seg\u00fcents funcionalitats poden o no ser activades quan acceptis aquesta categoria. &#8211; Serveis de xat en viu &#8211; Veure v\u00eddeos en l\u00ednia &#8211; Botons per compartir xarxes socials &#8211; Iniciar sessi\u00f3 al nostre lloc web amb xarxes socials.<\/p>\n<h4>Sense classificar<\/h4>\n<p>Aquestes galetes estan encara en proc\u00e9s de classificaci\u00f3. Apareixeran en una de les categories seg\u00fcents: Necess\u00e0ries, De Rendiment, Funcionals o de Publicitat.<\/p>\n<h3>Com puc desactivar o eliminar les galetes?<\/h3>\n<p>Pots optar per no utilitzar totes les galetes, excepte les necess\u00e0ries. A la configuraci\u00f3 del navegador, pots canviar la configuraci\u00f3 per assegurar-te que es bloquegin les galetes. La majoria dels navegadors t&#8217;ofereixen una explicaci\u00f3 sobre com fer-ho a l&#8217;anomenada &#8216;funci\u00f3 d&#8217;ajuda&#8217;. No obstant aix\u00f2, si bloqueges les galetes, \u00e9s possible que no puguis gaudir de totes les caracter\u00edstiques t\u00e8cniques que el nostre lloc web t\u00e9 per oferir i pot afectar negativament la teva experi\u00e8ncia dusuari.<\/p>\n<div dir=\"ltr\">\n<h3>Les cookies que utilitzem al nostre lloc web<\/h3>\n<div class=\"cf1tXD\">\n<div class=\"cf1Hdl\">\n<table class=\"cf1M40 cf2OTb table-sm\">\n<tbody>\n<tr>\n<td colspan=\"5\">\n<h4>De rendiment<\/h4>\n<\/td>\n<\/tr>\n<tr>\n<th scope=\"col\">Nom<\/th>\n<th scope=\"col\">Prop\u00f2sit<\/th>\n<th scope=\"col\">Nom de domini<\/th>\n<th scope=\"col\">Caducitat<\/th>\n<th scope=\"col\">Proveedor<\/th>\n<th scope=\"col\">Tipus<\/th>\n<\/tr>\n<tr>\n<th scope=\"row\">_ga<\/th>\n<td>Registra una identificaci\u00f3 \u00fanica perqu\u00e8 un visitant del lloc web faci un seguiment de com el visitant utilitza el lloc web. Les dades s&#8217;utilitzen per a estad\u00edstiques. Transfer\u00e8ncia de dades a tercers pa\u00efsos: EUA Google LLC. est\u00e0 certificat sota el Marc de Privadesa de Dades, la qual cosa indica que els seus drets com a interessat poden estar garantits.<\/td>\n<td>.creahogarbcn.com<\/td>\n<td>2 anys<\/td>\n<td><a href=\"https:\/\/policies.google.com\/privacy?hl=en-US\" target=\"_blank\" rel=\"noopener noreferrer\">Google LLC.<\/a><\/td>\n<th scope=\"col\">Cookie<\/th>\n<\/tr>\n<tr>\n<th scope=\"row\">_ga_********<\/th>\n<td>Esta cookie almacena una identificaci\u00f3n \u00fanica para un visitante del sitio web y rastrea c\u00f3mo el visitante utiliza el sitio web. Los datos se utilizan para estad\u00edsticas. Transferencia de datos. a terceros pa\u00edses: EE.UU. Google LLC. est\u00e1 certificado bajo el Marco de Privacidad de Datos, lo que indica que sus derechos como interesado pueden estar garantizados.<\/td>\n<td>.creahogarbcn.com<\/td>\n<td>2 anys<\/td>\n<td><a href=\"https:\/\/policies.google.com\/privacy?hl=en-US\" target=\"_blank\" rel=\"noopener noreferrer\">Google LLC<\/a><\/td>\n<th scope=\"col\">Cookie<\/th>\n<\/tr>\n<tr>\n<td colspan=\"5\">\n<h4>Funcionals<\/h4>\n<\/td>\n<\/tr>\n<tr>\n<th scope=\"col\">Nom<\/th>\n<th scope=\"col\">Prop\u00f2sit<\/th>\n<th scope=\"col\">Nom de domini<\/th>\n<th scope=\"col\">Caducitat<\/th>\n<th scope=\"col\">Proveedor<\/th>\n<th scope=\"col\">Tipus<\/th>\n<\/tr>\n<tr>\n<th scope=\"row\">wp-wpml_current_language<\/th>\n<td>Aquesta cookie s&#8217;utilitza per emmagatzemar la configuraci\u00f3 d&#8217;idioma de l&#8217;usuari.<\/td>\n<td>creahogarbcn.com<\/td>\n<td>Sessi\u00f3<\/td>\n<td><\/td>\n<th scope=\"col\">Cookie<\/th>\n<\/tr>\n<\/tbody>\n<\/table>\n<\/div>\n<\/div>\n<\/div>\n","protected":false},"excerpt":{"rendered":"<p>Qu\u00e8 s\u00f3n les cookies? Les galetes i les tecnologies similars s\u00f3n documents de text molt petits o fragments de codi que sovint contenen un codi d&#8217;identificaci\u00f3 \u00fanic. Quan visiteu un lloc web o utilitzeu una aplicaci\u00f3 m\u00f2bil, un ordinador demana perm\u00eds al vostre ordinador o dispositiu m\u00f2bil per desar aquest fitxer al vostre ordinador o [&hellip;]<\/p>\n","protected":false},"author":1,"featured_media":0,"parent":0,"menu_order":0,"comment_status":"closed","ping_status":"closed","template":"","meta":{"_acf_changed":false,"footnotes":""},"class_list":["post-31","page","type-page","status-publish","hentry"],"acf":[],"yoast_head":"<!-- This site is optimized with the Yoast SEO plugin v27.3 - https:\/\/yoast.com\/product\/yoast-seo-wordpress\/ -->\n<title>Pol\u00edtica de cookies - CreaHOGAR<\/title>\n<meta name=\"robots\" content=\"noindex, nofollow\" \/>\n<meta property=\"og:locale\" content=\"ca_ES\" \/>\n<meta property=\"og:type\" content=\"article\" \/>\n<meta property=\"og:title\" content=\"Pol\u00edtica de cookies - CreaHOGAR\" \/>\n<meta property=\"og:description\" content=\"Qu\u00e8 s\u00f3n les cookies? Les galetes i les tecnologies similars s\u00f3n documents de text molt petits o fragments de codi que sovint contenen un codi d&#8217;identificaci\u00f3 \u00fanic. Quan visiteu un lloc web o utilitzeu una aplicaci\u00f3 m\u00f2bil, un ordinador demana perm\u00eds al vostre ordinador o dispositiu m\u00f2bil per desar aquest fitxer al vostre ordinador o [&hellip;]\" \/>\n<meta property=\"og:url\" content=\"https:\/\/www.creahogarbcn.com\/ca\/politica-de-cookies\/\" \/>\n<meta property=\"og:site_name\" content=\"CreaHOGAR\" \/>\n<meta property=\"article:modified_time\" content=\"2024-04-10T16:10:12+00:00\" \/>\n<meta name=\"twitter:card\" content=\"summary_large_image\" \/>\n<meta name=\"twitter:label1\" content=\"Temps estimat de lectura\" \/>\n\t<meta name=\"twitter:data1\" content=\"3 minutes\" \/>\n<script type=\"application\/ld+json\" class=\"yoast-schema-graph\">{\"@context\":\"https:\\\/\\\/schema.org\",\"@graph\":[{\"@type\":\"WebPage\",\"@id\":\"https:\\\/\\\/www.creahogarbcn.com\\\/ca\\\/politica-de-cookies\\\/\",\"url\":\"https:\\\/\\\/www.creahogarbcn.com\\\/ca\\\/politica-de-cookies\\\/\",\"name\":\"Pol\u00edtica de cookies - CreaHOGAR\",\"isPartOf\":{\"@id\":\"https:\\\/\\\/www.creahogarbcn.com\\\/#website\"},\"datePublished\":\"2024-03-19T08:26:14+00:00\",\"dateModified\":\"2024-04-10T16:10:12+00:00\",\"breadcrumb\":{\"@id\":\"https:\\\/\\\/www.creahogarbcn.com\\\/ca\\\/politica-de-cookies\\\/#breadcrumb\"},\"inLanguage\":\"ca\",\"potentialAction\":[{\"@type\":\"ReadAction\",\"target\":[\"https:\\\/\\\/www.creahogarbcn.com\\\/ca\\\/politica-de-cookies\\\/\"]}]},{\"@type\":\"BreadcrumbList\",\"@id\":\"https:\\\/\\\/www.creahogarbcn.com\\\/ca\\\/politica-de-cookies\\\/#breadcrumb\",\"itemListElement\":[{\"@type\":\"ListItem\",\"position\":1,\"name\":\"Portada\",\"item\":\"https:\\\/\\\/creahogarbcn.com\\\/ca\\\/\"},{\"@type\":\"ListItem\",\"position\":2,\"name\":\"Pol\u00edtica de cookies\"}]},{\"@type\":\"WebSite\",\"@id\":\"https:\\\/\\\/www.creahogarbcn.com\\\/#website\",\"url\":\"https:\\\/\\\/www.creahogarbcn.com\\\/\",\"name\":\"CreaHOGAR\",\"description\":\"CreaHOGAR es un estudio de reformas, arquitectura e interiorismo especializado en reformas de viviendas, locales y comunidades.\",\"publisher\":{\"@id\":\"https:\\\/\\\/www.creahogarbcn.com\\\/#organization\"},\"potentialAction\":[{\"@type\":\"SearchAction\",\"target\":{\"@type\":\"EntryPoint\",\"urlTemplate\":\"https:\\\/\\\/www.creahogarbcn.com\\\/?s={search_term_string}\"},\"query-input\":{\"@type\":\"PropertyValueSpecification\",\"valueRequired\":true,\"valueName\":\"search_term_string\"}}],\"inLanguage\":\"ca\"},{\"@type\":\"Organization\",\"@id\":\"https:\\\/\\\/www.creahogarbcn.com\\\/#organization\",\"name\":\"CreaHOGAR\",\"url\":\"https:\\\/\\\/www.creahogarbcn.com\\\/\",\"logo\":{\"@type\":\"ImageObject\",\"inLanguage\":\"ca\",\"@id\":\"https:\\\/\\\/www.creahogarbcn.com\\\/#\\\/schema\\\/logo\\\/image\\\/\",\"url\":\"https:\\\/\\\/hundreds-wordpress-uploads.s3.amazonaws.com\\\/creahogar\\\/uploads\\\/2024\\\/04\\\/WhatsApp-Image-2024-04-04-at-14.04.15.jpeg\",\"contentUrl\":\"https:\\\/\\\/hundreds-wordpress-uploads.s3.amazonaws.com\\\/creahogar\\\/uploads\\\/2024\\\/04\\\/WhatsApp-Image-2024-04-04-at-14.04.15.jpeg\",\"width\":1600,\"height\":468,\"caption\":\"CreaHOGAR\"},\"image\":{\"@id\":\"https:\\\/\\\/www.creahogarbcn.com\\\/#\\\/schema\\\/logo\\\/image\\\/\"},\"sameAs\":[\"https:\\\/\\\/www.instagram.com\\\/creahogarbcn\"]}]}<\/script>\n<!-- \/ Yoast SEO plugin. -->","yoast_head_json":{"title":"Pol\u00edtica de cookies - CreaHOGAR","robots":{"index":"noindex","follow":"nofollow"},"og_locale":"ca_ES","og_type":"article","og_title":"Pol\u00edtica de cookies - CreaHOGAR","og_description":"Qu\u00e8 s\u00f3n les cookies? Les galetes i les tecnologies similars s\u00f3n documents de text molt petits o fragments de codi que sovint contenen un codi d&#8217;identificaci\u00f3 \u00fanic. Quan visiteu un lloc web o utilitzeu una aplicaci\u00f3 m\u00f2bil, un ordinador demana perm\u00eds al vostre ordinador o dispositiu m\u00f2bil per desar aquest fitxer al vostre ordinador o [&hellip;]","og_url":"https:\/\/www.creahogarbcn.com\/ca\/politica-de-cookies\/","og_site_name":"CreaHOGAR","article_modified_time":"2024-04-10T16:10:12+00:00","twitter_card":"summary_large_image","twitter_misc":{"Temps estimat de lectura":"3 minutes"},"schema":{"@context":"https:\/\/schema.org","@graph":[{"@type":"WebPage","@id":"https:\/\/www.creahogarbcn.com\/ca\/politica-de-cookies\/","url":"https:\/\/www.creahogarbcn.com\/ca\/politica-de-cookies\/","name":"Pol\u00edtica de cookies - CreaHOGAR","isPartOf":{"@id":"https:\/\/www.creahogarbcn.com\/#website"},"datePublished":"2024-03-19T08:26:14+00:00","dateModified":"2024-04-10T16:10:12+00:00","breadcrumb":{"@id":"https:\/\/www.creahogarbcn.com\/ca\/politica-de-cookies\/#breadcrumb"},"inLanguage":"ca","potentialAction":[{"@type":"ReadAction","target":["https:\/\/www.creahogarbcn.com\/ca\/politica-de-cookies\/"]}]},{"@type":"BreadcrumbList","@id":"https:\/\/www.creahogarbcn.com\/ca\/politica-de-cookies\/#breadcrumb","itemListElement":[{"@type":"ListItem","position":1,"name":"Portada","item":"https:\/\/creahogarbcn.com\/ca\/"},{"@type":"ListItem","position":2,"name":"Pol\u00edtica de cookies"}]},{"@type":"WebSite","@id":"https:\/\/www.creahogarbcn.com\/#website","url":"https:\/\/www.creahogarbcn.com\/","name":"CreaHOGAR","description":"CreaHOGAR es un estudio de reformas, arquitectura e interiorismo especializado en reformas de viviendas, locales y comunidades.","publisher":{"@id":"https:\/\/www.creahogarbcn.com\/#organization"},"potentialAction":[{"@type":"SearchAction","target":{"@type":"EntryPoint","urlTemplate":"https:\/\/www.creahogarbcn.com\/?s={search_term_string}"},"query-input":{"@type":"PropertyValueSpecification","valueRequired":true,"valueName":"search_term_string"}}],"inLanguage":"ca"},{"@type":"Organization","@id":"https:\/\/www.creahogarbcn.com\/#organization","name":"CreaHOGAR","url":"https:\/\/www.creahogarbcn.com\/","logo":{"@type":"ImageObject","inLanguage":"ca","@id":"https:\/\/www.creahogarbcn.com\/#\/schema\/logo\/image\/","url":"https:\/\/hundreds-wordpress-uploads.s3.amazonaws.com\/creahogar\/uploads\/2024\/04\/WhatsApp-Image-2024-04-04-at-14.04.15.jpeg","contentUrl":"https:\/\/hundreds-wordpress-uploads.s3.amazonaws.com\/creahogar\/uploads\/2024\/04\/WhatsApp-Image-2024-04-04-at-14.04.15.jpeg","width":1600,"height":468,"caption":"CreaHOGAR"},"image":{"@id":"https:\/\/www.creahogarbcn.com\/#\/schema\/logo\/image\/"},"sameAs":["https:\/\/www.instagram.com\/creahogarbcn"]}]}},"_links":{"self":[{"href":"https:\/\/www.creahogarbcn.com\/ca\/wp-json\/wp\/v2\/pages\/31","targetHints":{"allow":["GET"]}}],"collection":[{"href":"https:\/\/www.creahogarbcn.com\/ca\/wp-json\/wp\/v2\/pages"}],"about":[{"href":"https:\/\/www.creahogarbcn.com\/ca\/wp-json\/wp\/v2\/types\/page"}],"author":[{"embeddable":true,"href":"https:\/\/www.creahogarbcn.com\/ca\/wp-json\/wp\/v2\/users\/1"}],"replies":[{"embeddable":true,"href":"https:\/\/www.creahogarbcn.com\/ca\/wp-json\/wp\/v2\/comments?post=31"}],"version-history":[{"count":3,"href":"https:\/\/www.creahogarbcn.com\/ca\/wp-json\/wp\/v2\/pages\/31\/revisions"}],"predecessor-version":[{"id":554,"href":"https:\/\/www.creahogarbcn.com\/ca\/wp-json\/wp\/v2\/pages\/31\/revisions\/554"}],"wp:attachment":[{"href":"https:\/\/www.creahogarbcn.com\/ca\/wp-json\/wp\/v2\/media?parent=31"}],"curies":[{"name":"wp","href":"https:\/\/api.w.org\/{rel}","templated":true}]}}